{"id":4193,"date":"2023-05-03T08:54:50","date_gmt":"2023-05-03T08:54:50","guid":{"rendered":"https:\/\/vormfactor.com\/?page_id=4193"},"modified":"2023-05-12T14:07:55","modified_gmt":"2023-05-12T14:07:55","slug":"over-de-ijssel-mediation","status":"publish","type":"page","link":"https:\/\/vormfactor.com\/de\/animatie\/over-de-ijssel-mediation\/","title":{"rendered":"Over De IJssel Mediation"},"content":{"rendered":"<div data-elementor-type=\"wp-page\" data-elementor-id=\"4193\" class=\"elementor elementor-4193\" data-elementor-post-type=\"page\">\n\t\t\t\t\t\t<section class=\"elementor-section elementor-top-section elementor-element elementor-element-6f7cb9e elementor-section-full_width elementor-section-height-full elementor-section-height-default elementor-section-items-middle\" data-id=\"6f7cb9e\" data-element_type=\"section\" data-e-type=\"section\" data-settings=\"{&quot;background_background&quot;:&quot;classic&quot;}\">\n\t\t\t\t\t\t<div class=\"elementor-container elementor-column-gap-no\">\n\t\t\t\t\t<div class=\"elementor-column elementor-col-50 elementor-top-column elementor-element elementor-element-9e6388c\" data-id=\"9e6388c\" data-element_type=\"column\" data-e-type=\"column\">\n\t\t\t<div class=\"elementor-widget-wrap elementor-element-populated\">\n\t\t\t\t\t\t<div class=\"elementor-element elementor-element-266913a elementor-widget elementor-widget-heading\" data-id=\"266913a\" data-element_type=\"widget\" data-e-type=\"widget\" data-widget_type=\"heading.default\">\n\t\t\t\t\t<h2 class=\"elementor-heading-title elementor-size-default\">Animatie<\/h2>\t\t\t\t<\/div>\n\t\t\t\t<div class=\"elementor-element elementor-element-8ae8a26 elementor-widget elementor-widget-heading\" data-id=\"8ae8a26\" data-element_type=\"widget\" data-e-type=\"widget\" data-widget_type=\"heading.default\">\n\t\t\t\t\t<h1 class=\"elementor-heading-title elementor-size-default\">Over De IJssel Mediation<\/h1>\t\t\t\t<\/div>\n\t\t\t\t<div class=\"elementor-element elementor-element-46585c5 elementor-align-left elementor-mobile-align-left elementor-widget elementor-widget-button\" data-id=\"46585c5\" data-element_type=\"widget\" data-e-type=\"widget\" data-widget_type=\"button.default\">\n\t\t\t\t\t\t\t\t\t\t<a class=\"elementor-button elementor-button-link elementor-size-sm\" href=\"\/de\/contact\/\">\n\t\t\t\t\t\t<span class=\"elementor-button-content-wrapper\">\n\t\t\t\t\t\t\t\t\t<span class=\"elementor-button-text\">Jouw verhaal ook in beeld laten brengen?<\/span>\n\t\t\t\t\t<\/span>\n\t\t\t\t\t<\/a>\n\t\t\t\t\t\t\t\t<\/div>\n\t\t\t\t\t<\/div>\n\t\t<\/div>\n\t\t\t\t<div class=\"elementor-column elementor-col-50 elementor-top-column elementor-element elementor-element-c5fa40c\" data-id=\"c5fa40c\" data-element_type=\"column\" data-e-type=\"column\">\n\t\t\t<div class=\"elementor-widget-wrap elementor-element-populated\">\n\t\t\t\t\t\t<div class=\"elementor-element elementor-element-946dce2 elementor-widget elementor-widget-image\" data-id=\"946dce2\" data-element_type=\"widget\" data-e-type=\"widget\" data-widget_type=\"image.default\">\n\t\t\t\t\t\t\t\t\t\t\t\t\t\t\t<img fetchpriority=\"high\" decoding=\"async\" width=\"1200\" height=\"800\" src=\"https:\/\/vormfactor.com\/wp-content\/uploads\/2023\/05\/over-de-ijssel-mediation-case.webp\" class=\"attachment-full size-full wp-image-4230\" alt=\"\" srcset=\"https:\/\/vormfactor.com\/wp-content\/uploads\/2023\/05\/over-de-ijssel-mediation-case.webp 1200w, https:\/\/vormfactor.com\/wp-content\/uploads\/2023\/05\/over-de-ijssel-mediation-case-300x200.webp 300w, https:\/\/vormfactor.com\/wp-content\/uploads\/2023\/05\/over-de-ijssel-mediation-case-1024x683.webp 1024w, https:\/\/vormfactor.com\/wp-content\/uploads\/2023\/05\/over-de-ijssel-mediation-case-768x512.webp 768w\" sizes=\"(max-width: 1200px) 100vw, 1200px\" \/>\t\t\t\t\t\t\t\t\t\t\t\t\t\t\t<\/div>\n\t\t\t\t<div class=\"elementor-element elementor-element-47b0642 elementor-absolute elementor-hidden-mobile elementor-widget elementor-widget-image\" data-id=\"47b0642\" data-element_type=\"widget\" data-e-type=\"widget\" data-settings=\"{&quot;_position&quot;:&quot;absolute&quot;}\" data-widget_type=\"image.default\">\n\t\t\t\t\t\t\t\t\t\t\t\t\t\t\t<img decoding=\"async\" width=\"800\" height=\"534\" src=\"https:\/\/vormfactor.com\/wp-content\/uploads\/2022\/07\/plant-goud-1024x683.png\" class=\"attachment-large size-large wp-image-53\" alt=\"\" srcset=\"https:\/\/vormfactor.com\/wp-content\/uploads\/2022\/07\/plant-goud-1024x683.png 1024w, https:\/\/vormfactor.com\/wp-content\/uploads\/2022\/07\/plant-goud-300x200.png 300w, https:\/\/vormfactor.com\/wp-content\/uploads\/2022\/07\/plant-goud-768x512.png 768w, https:\/\/vormfactor.com\/wp-content\/uploads\/2022\/07\/plant-goud.png 1080w\" sizes=\"(max-width: 800px) 100vw, 800px\" \/>\t\t\t\t\t\t\t\t\t\t\t\t\t\t\t<\/div>\n\t\t\t\t\t<\/div>\n\t\t<\/div>\n\t\t\t\t\t<\/div>\n\t\t<\/section>\n\t\t\t\t<section class=\"elementor-section elementor-top-section elementor-element elementor-element-e36c53d elementor-section-full_width elementor-section-height-full elementor-reverse-tablet elementor-reverse-mobile elementor-section-height-default elementor-section-items-middle\" data-id=\"e36c53d\" data-element_type=\"section\" data-e-type=\"section\" data-settings=\"{&quot;background_background&quot;:&quot;classic&quot;}\">\n\t\t\t\t\t\t<div class=\"elementor-container elementor-column-gap-no\">\n\t\t\t\t\t<div class=\"elementor-column elementor-col-50 elementor-top-column elementor-element elementor-element-166b977\" data-id=\"166b977\" data-element_type=\"column\" data-e-type=\"column\">\n\t\t\t<div class=\"elementor-widget-wrap elementor-element-populated\">\n\t\t\t\t\t\t<div class=\"elementor-element elementor-element-a5d0a4a elementor-widget elementor-widget-video\" data-id=\"a5d0a4a\" data-element_type=\"widget\" data-e-type=\"widget\" data-settings=\"{&quot;video_type&quot;:&quot;vimeo&quot;,&quot;yt_privacy&quot;:&quot;yes&quot;}\" data-widget_type=\"video.default\">\n\t\t\t\t\t\t\t<div class=\"elementor-wrapper elementor-open-inline\">\n\t\t\t<iframe class=\"elementor-video-iframe\" allowfullscreen allow=\"clipboard-write\" title=\"vimeo videospeler\" src=\"https:\/\/player.vimeo.com\/video\/823288419?color&amp;autopause=0&amp;dnt=true&amp;loop=0&amp;muted=0&amp;title=1&amp;portrait=1&amp;byline=1&amp;h=3b38499539#t=\"><\/iframe>\t\t<\/div>\n\t\t\t\t\t\t<\/div>\n\t\t\t\t\t<\/div>\n\t\t<\/div>\n\t\t\t\t<div class=\"elementor-column elementor-col-50 elementor-top-column elementor-element elementor-element-4d50dff\" data-id=\"4d50dff\" data-element_type=\"column\" data-e-type=\"column\">\n\t\t\t<div class=\"elementor-widget-wrap elementor-element-populated\">\n\t\t\t\t\t\t<div class=\"elementor-element elementor-element-dc6cb86 elementor-widget elementor-widget-heading\" data-id=\"dc6cb86\" data-element_type=\"widget\" data-e-type=\"widget\" data-widget_type=\"heading.default\">\n\t\t\t\t\t<h2 class=\"elementor-heading-title elementor-size-default\">De boodschap duidelijk vertaald naar video<\/h2>\t\t\t\t<\/div>\n\t\t\t\t<div class=\"elementor-element elementor-element-71d8b5c elementor-widget elementor-widget-heading\" data-id=\"71d8b5c\" data-element_type=\"widget\" data-e-type=\"widget\" data-widget_type=\"heading.default\">\n\t\t\t\t\t<h1 class=\"elementor-heading-title elementor-size-default\">Animatie met een leidende voice-over.<\/h1>\t\t\t\t<\/div>\n\t\t\t\t<div class=\"elementor-element elementor-element-42e93bd elementor-widget elementor-widget-text-editor\" data-id=\"42e93bd\" data-element_type=\"widget\" data-e-type=\"widget\" data-widget_type=\"text-editor.default\">\n\t\t\t\t\t\t\t\t\t<p>De animatie spreekt voor zich, maar doordat er door de klant gekozen is voor een extra voice-over wordt de boodschap van de video extra duidelijk bij de kijker gebracht. Voorafgaand zijn er scenes uitgewerkt met stille beelden.<\/p>\t\t\t\t\t\t\t\t<\/div>\n\t\t\t\t<div class=\"elementor-element elementor-element-83086f6 elementor-align-right elementor-mobile-align-left elementor-widget elementor-widget-button\" data-id=\"83086f6\" data-element_type=\"widget\" data-e-type=\"widget\" data-widget_type=\"button.default\">\n\t\t\t\t\t\t\t\t\t\t<a class=\"elementor-button elementor-button-link elementor-size-sm\" href=\"\/de\/contact\/\">\n\t\t\t\t\t\t<span class=\"elementor-button-content-wrapper\">\n\t\t\t\t\t\t\t\t\t<span class=\"elementor-button-text\">Samen sparren over de idee\u00ebn?<\/span>\n\t\t\t\t\t<\/span>\n\t\t\t\t\t<\/a>\n\t\t\t\t\t\t\t\t<\/div>\n\t\t\t\t\t<\/div>\n\t\t<\/div>\n\t\t\t\t\t<\/div>\n\t\t<\/section>\n\t\t\t\t<section class=\"elementor-section elementor-top-section elementor-element elementor-element-5a3c325 elementor-section-full_width elementor-reverse-mobile elementor-section-height-default elementor-section-height-default\" data-id=\"5a3c325\" data-element_type=\"section\" data-e-type=\"section\" data-settings=\"{&quot;background_background&quot;:&quot;classic&quot;}\">\n\t\t\t\t\t\t<div class=\"elementor-container elementor-column-gap-no\">\n\t\t\t\t\t<div class=\"elementor-column elementor-col-50 elementor-top-column elementor-element elementor-element-94ad2c7\" data-id=\"94ad2c7\" data-element_type=\"column\" data-e-type=\"column\">\n\t\t\t<div class=\"elementor-widget-wrap elementor-element-populated\">\n\t\t\t\t\t\t<div class=\"elementor-element elementor-element-cf1f6e3 elementor-align-left elementor-mobile-align-center elementor-invisible elementor-widget elementor-widget-lottie\" data-id=\"cf1f6e3\" data-element_type=\"widget\" data-e-type=\"widget\" data-settings=\"{&quot;source_json&quot;:{&quot;url&quot;:&quot;https:\\\/\\\/vormfactor.com\\\/wp-content\\\/uploads\\\/2023\\\/01\\\/animatie-button.json&quot;,&quot;id&quot;:2372,&quot;size&quot;:&quot;&quot;,&quot;alt&quot;:&quot;&quot;,&quot;source&quot;:&quot;library&quot;},&quot;link_to&quot;:&quot;custom&quot;,&quot;custom_link&quot;:{&quot;url&quot;:&quot;\\\/diensten\\\/#animatie&quot;,&quot;is_external&quot;:&quot;&quot;,&quot;nofollow&quot;:&quot;&quot;,&quot;custom_attributes&quot;:&quot;&quot;},&quot;trigger&quot;:&quot;on_hover&quot;,&quot;on_hover_out&quot;:&quot;reverse&quot;,&quot;play_speed&quot;:{&quot;unit&quot;:&quot;px&quot;,&quot;size&quot;:1.3,&quot;sizes&quot;:[]},&quot;lazyload&quot;:&quot;yes&quot;,&quot;_animation&quot;:&quot;fadeInUp&quot;,&quot;_animation_delay&quot;:400,&quot;source&quot;:&quot;media_file&quot;,&quot;caption_source&quot;:&quot;none&quot;,&quot;hover_area&quot;:&quot;animation&quot;,&quot;start_point&quot;:{&quot;unit&quot;:&quot;%&quot;,&quot;size&quot;:0,&quot;sizes&quot;:[]},&quot;end_point&quot;:{&quot;unit&quot;:&quot;%&quot;,&quot;size&quot;:100,&quot;sizes&quot;:[]},&quot;renderer&quot;:&quot;svg&quot;}\" data-widget_type=\"lottie.default\">\n\t\t\t\t\t<a class=\"e-lottie__container__link\" href=\"\/de\/diensten\/#animatie\"><div class=\"e-lottie__container\"><div class=\"e-lottie__animation\"><\/div><\/div><\/a>\t\t\t\t<\/div>\n\t\t\t\t\t<\/div>\n\t\t<\/div>\n\t\t\t\t<div class=\"elementor-column elementor-col-50 elementor-top-column elementor-element elementor-element-3b29e31\" data-id=\"3b29e31\" data-element_type=\"column\" data-e-type=\"column\">\n\t\t\t<div class=\"elementor-widget-wrap elementor-element-populated\">\n\t\t\t\t\t\t<div class=\"elementor-element elementor-element-e8794de elementor-widget elementor-widget-heading\" data-id=\"e8794de\" data-element_type=\"widget\" data-e-type=\"widget\" data-widget_type=\"heading.default\">\n\t\t\t\t\t<h1 class=\"elementor-heading-title elementor-size-default\">Welke diensten hebben wij ingezet?\u200b<\/h1>\t\t\t\t<\/div>\n\t\t\t\t<div class=\"elementor-element elementor-element-e89bc27 elementor-widget elementor-widget-text-editor\" data-id=\"e89bc27\" data-element_type=\"widget\" data-e-type=\"widget\" data-widget_type=\"text-editor.default\">\n\t\t\t\t\t\t\t\t\t<p>In deze case hebben wij gekeken naar de wensen van de klant, en op basis daarvan zijn wij begonnen met een storyboard. Hierin kon de Gemeente Winterswijk zien hoe het verloop van de animatie zou worden. Na goedkeuring zijn wij begonnen met het animeren van de video en hebben over de video heen nog een voice-over ingevoegd. Dit versterkt de boodschap nog duidelijker. Voor deze opdracht zijn twee versies opgeleverd. \u00c9\u00e9n met en \u00e9\u00e9n zonder ondertiteling.<\/p>\t\t\t\t\t\t\t\t<\/div>\n\t\t\t\t\t<\/div>\n\t\t<\/div>\n\t\t\t\t\t<\/div>\n\t\t<\/section>\n\t\t\t\t<\/div>","protected":false},"excerpt":{"rendered":"<p>Animatie Over De IJssel Mediation Jouw verhaal ook in beeld laten brengen? De boodschap duidelijk vertaald naar video Animatie met een leidende voice-over. De animatie spreekt voor zich, maar doordat er door de klant gekozen is voor een extra voice-over wordt de boodschap van de video extra duidelijk bij de kijker gebracht. Voorafgaand zijn er [&hellip;]<\/p>\n","protected":false},"author":1,"featured_media":0,"parent":2073,"menu_order":0,"comment_status":"closed","ping_status":"closed","template":"elementor_header_footer","meta":{"footnotes":""},"class_list":["post-4193","page","type-page","status-publish","hentry"],"yoast_head":"<!-- This site is optimized with the Yoast SEO plugin v27.0 - https:\/\/yoast.com\/product\/yoast-seo-wordpress\/ -->\n<title>Over De IJssel Mediation - VormFactor - Full service marketing- reclamebureau<\/title>\n<meta name=\"robots\" content=\"index, follow, max-snippet:-1, max-image-preview:large, max-video-preview:-1\" \/>\n<link rel=\"canonical\" href=\"https:\/\/vormfactor.com\/de\/animatie\/over-de-ijssel-mediation\/\" \/>\n<meta property=\"og:locale\" content=\"de_DE\" \/>\n<meta property=\"og:type\" content=\"article\" \/>\n<meta property=\"og:title\" content=\"Over De IJssel Mediation - VormFactor - Full service marketing- reclamebureau\" \/>\n<meta property=\"og:description\" content=\"Animatie Over De IJssel Mediation Jouw verhaal ook in beeld laten brengen? De boodschap duidelijk vertaald naar video Animatie met een leidende voice-over. De animatie spreekt voor zich, maar doordat er door de klant gekozen is voor een extra voice-over wordt de boodschap van de video extra duidelijk bij de kijker gebracht. Voorafgaand zijn er [&hellip;]\" \/>\n<meta property=\"og:url\" content=\"https:\/\/vormfactor.com\/de\/animatie\/over-de-ijssel-mediation\/\" \/>\n<meta property=\"og:site_name\" content=\"VormFactor - Full service marketing- reclamebureau\" \/>\n<meta property=\"article:publisher\" content=\"https:\/\/www.facebook.com\/VormFactor\/\" \/>\n<meta property=\"article:modified_time\" content=\"2023-05-12T14:07:55+00:00\" \/>\n<meta property=\"og:image\" content=\"https:\/\/vormfactor.com\/wp-content\/uploads\/2023\/05\/over-de-ijssel-mediation-case.webp\" \/>\n<meta name=\"twitter:card\" content=\"summary_large_image\" \/>\n<meta name=\"twitter:label1\" content=\"Gesch\u00e4tzte Lesezeit\" \/>\n\t<meta name=\"twitter:data1\" content=\"1\u00a0Minute\" \/>\n<script type=\"application\/ld+json\" class=\"yoast-schema-graph\">{\"@context\":\"https:\/\/schema.org\",\"@graph\":[{\"@type\":\"WebPage\",\"@id\":\"https:\/\/vormfactor.com\/animatie\/over-de-ijssel-mediation\/\",\"url\":\"https:\/\/vormfactor.com\/animatie\/over-de-ijssel-mediation\/\",\"name\":\"Over De IJssel Mediation - VormFactor - Full service marketing- reclamebureau\",\"isPartOf\":{\"@id\":\"https:\/\/vormfactor.com\/#website\"},\"primaryImageOfPage\":{\"@id\":\"https:\/\/vormfactor.com\/animatie\/over-de-ijssel-mediation\/#primaryimage\"},\"image\":{\"@id\":\"https:\/\/vormfactor.com\/animatie\/over-de-ijssel-mediation\/#primaryimage\"},\"thumbnailUrl\":\"https:\/\/vormfactor.com\/wp-content\/uploads\/2023\/05\/over-de-ijssel-mediation-case.webp\",\"datePublished\":\"2023-05-03T08:54:50+00:00\",\"dateModified\":\"2023-05-12T14:07:55+00:00\",\"breadcrumb\":{\"@id\":\"https:\/\/vormfactor.com\/animatie\/over-de-ijssel-mediation\/#breadcrumb\"},\"inLanguage\":\"de\",\"potentialAction\":[{\"@type\":\"ReadAction\",\"target\":[\"https:\/\/vormfactor.com\/animatie\/over-de-ijssel-mediation\/\"]}]},{\"@type\":\"ImageObject\",\"inLanguage\":\"de\",\"@id\":\"https:\/\/vormfactor.com\/animatie\/over-de-ijssel-mediation\/#primaryimage\",\"url\":\"https:\/\/vormfactor.com\/wp-content\/uploads\/2023\/05\/over-de-ijssel-mediation-case.webp\",\"contentUrl\":\"https:\/\/vormfactor.com\/wp-content\/uploads\/2023\/05\/over-de-ijssel-mediation-case.webp\"},{\"@type\":\"BreadcrumbList\",\"@id\":\"https:\/\/vormfactor.com\/animatie\/over-de-ijssel-mediation\/#breadcrumb\",\"itemListElement\":[{\"@type\":\"ListItem\",\"position\":1,\"name\":\"Home\",\"item\":\"https:\/\/vormfactor.com\/\"},{\"@type\":\"ListItem\",\"position\":2,\"name\":\"Animatie\",\"item\":\"https:\/\/vormfactor.com\/animatie\/\"},{\"@type\":\"ListItem\",\"position\":3,\"name\":\"Over De IJssel Mediation\"}]},{\"@type\":\"WebSite\",\"@id\":\"https:\/\/vormfactor.com\/#website\",\"url\":\"https:\/\/vormfactor.com\/\",\"name\":\"VormFactor - Full service marketing- reclamebureau\",\"description\":\"Alles in vorm\",\"publisher\":{\"@id\":\"https:\/\/vormfactor.com\/#organization\"},\"potentialAction\":[{\"@type\":\"SearchAction\",\"target\":{\"@type\":\"EntryPoint\",\"urlTemplate\":\"https:\/\/vormfactor.com\/?s={search_term_string}\"},\"query-input\":{\"@type\":\"PropertyValueSpecification\",\"valueRequired\":true,\"valueName\":\"search_term_string\"}}],\"inLanguage\":\"de\"},{\"@type\":\"Organization\",\"@id\":\"https:\/\/vormfactor.com\/#organization\",\"name\":\"VormFactor - Full service marketing- reclamebureau\",\"url\":\"https:\/\/vormfactor.com\/\",\"logo\":{\"@type\":\"ImageObject\",\"inLanguage\":\"de\",\"@id\":\"https:\/\/vormfactor.com\/#\/schema\/logo\/image\/\",\"url\":\"https:\/\/vormfactor.com\/wp-content\/uploads\/2022\/05\/vormfactor.svg\",\"contentUrl\":\"https:\/\/vormfactor.com\/wp-content\/uploads\/2022\/05\/vormfactor.svg\",\"width\":2668,\"height\":280,\"caption\":\"VormFactor - Full service marketing- reclamebureau\"},\"image\":{\"@id\":\"https:\/\/vormfactor.com\/#\/schema\/logo\/image\/\"},\"sameAs\":[\"https:\/\/www.facebook.com\/VormFactor\/\",\"https:\/\/www.instagram.com\/vormfactor\",\"https:\/\/www.linkedin.com\/company\/vormfactor\"]}]}<\/script>\n<!-- \/ Yoast SEO plugin. -->","yoast_head_json":{"title":"Over De IJssel Mediation - VormFactor - Full service marketing- reclamebureau","robots":{"index":"index","follow":"follow","max-snippet":"max-snippet:-1","max-image-preview":"max-image-preview:large","max-video-preview":"max-video-preview:-1"},"canonical":"https:\/\/vormfactor.com\/de\/animatie\/over-de-ijssel-mediation\/","og_locale":"de_DE","og_type":"article","og_title":"Over De IJssel Mediation - VormFactor - Full service marketing- reclamebureau","og_description":"Animatie Over De IJssel Mediation Jouw verhaal ook in beeld laten brengen? De boodschap duidelijk vertaald naar video Animatie met een leidende voice-over. De animatie spreekt voor zich, maar doordat er door de klant gekozen is voor een extra voice-over wordt de boodschap van de video extra duidelijk bij de kijker gebracht. Voorafgaand zijn er [&hellip;]","og_url":"https:\/\/vormfactor.com\/de\/animatie\/over-de-ijssel-mediation\/","og_site_name":"VormFactor - Full service marketing- reclamebureau","article_publisher":"https:\/\/www.facebook.com\/VormFactor\/","article_modified_time":"2023-05-12T14:07:55+00:00","og_image":[{"url":"https:\/\/vormfactor.com\/wp-content\/uploads\/2023\/05\/over-de-ijssel-mediation-case.webp","type":"","width":"","height":""}],"twitter_card":"summary_large_image","twitter_misc":{"Gesch\u00e4tzte Lesezeit":"1\u00a0Minute"},"schema":{"@context":"https:\/\/schema.org","@graph":[{"@type":"WebPage","@id":"https:\/\/vormfactor.com\/animatie\/over-de-ijssel-mediation\/","url":"https:\/\/vormfactor.com\/animatie\/over-de-ijssel-mediation\/","name":"Over De IJssel Mediation - VormFactor - Full service marketing- reclamebureau","isPartOf":{"@id":"https:\/\/vormfactor.com\/#website"},"primaryImageOfPage":{"@id":"https:\/\/vormfactor.com\/animatie\/over-de-ijssel-mediation\/#primaryimage"},"image":{"@id":"https:\/\/vormfactor.com\/animatie\/over-de-ijssel-mediation\/#primaryimage"},"thumbnailUrl":"https:\/\/vormfactor.com\/wp-content\/uploads\/2023\/05\/over-de-ijssel-mediation-case.webp","datePublished":"2023-05-03T08:54:50+00:00","dateModified":"2023-05-12T14:07:55+00:00","breadcrumb":{"@id":"https:\/\/vormfactor.com\/animatie\/over-de-ijssel-mediation\/#breadcrumb"},"inLanguage":"de","potentialAction":[{"@type":"ReadAction","target":["https:\/\/vormfactor.com\/animatie\/over-de-ijssel-mediation\/"]}]},{"@type":"ImageObject","inLanguage":"de","@id":"https:\/\/vormfactor.com\/animatie\/over-de-ijssel-mediation\/#primaryimage","url":"https:\/\/vormfactor.com\/wp-content\/uploads\/2023\/05\/over-de-ijssel-mediation-case.webp","contentUrl":"https:\/\/vormfactor.com\/wp-content\/uploads\/2023\/05\/over-de-ijssel-mediation-case.webp"},{"@type":"BreadcrumbList","@id":"https:\/\/vormfactor.com\/animatie\/over-de-ijssel-mediation\/#breadcrumb","itemListElement":[{"@type":"ListItem","position":1,"name":"Home","item":"https:\/\/vormfactor.com\/"},{"@type":"ListItem","position":2,"name":"Animatie","item":"https:\/\/vormfactor.com\/animatie\/"},{"@type":"ListItem","position":3,"name":"Over De IJssel Mediation"}]},{"@type":"WebSite","@id":"https:\/\/vormfactor.com\/#website","url":"https:\/\/vormfactor.com\/","name":"VormFactor - Full service marketing- reclamebureau","description":"Alles in vorm","publisher":{"@id":"https:\/\/vormfactor.com\/#organization"},"potentialAction":[{"@type":"SearchAction","target":{"@type":"EntryPoint","urlTemplate":"https:\/\/vormfactor.com\/?s={search_term_string}"},"query-input":{"@type":"PropertyValueSpecification","valueRequired":true,"valueName":"search_term_string"}}],"inLanguage":"de"},{"@type":"Organization","@id":"https:\/\/vormfactor.com\/#organization","name":"VormFactor - Full service marketing- reclamebureau","url":"https:\/\/vormfactor.com\/","logo":{"@type":"ImageObject","inLanguage":"de","@id":"https:\/\/vormfactor.com\/#\/schema\/logo\/image\/","url":"https:\/\/vormfactor.com\/wp-content\/uploads\/2022\/05\/vormfactor.svg","contentUrl":"https:\/\/vormfactor.com\/wp-content\/uploads\/2022\/05\/vormfactor.svg","width":2668,"height":280,"caption":"VormFactor - Full service marketing- reclamebureau"},"image":{"@id":"https:\/\/vormfactor.com\/#\/schema\/logo\/image\/"},"sameAs":["https:\/\/www.facebook.com\/VormFactor\/","https:\/\/www.instagram.com\/vormfactor","https:\/\/www.linkedin.com\/company\/vormfactor"]}]}},"_links":{"self":[{"href":"https:\/\/vormfactor.com\/de\/wp-json\/wp\/v2\/pages\/4193","targetHints":{"allow":["GET"]}}],"collection":[{"href":"https:\/\/vormfactor.com\/de\/wp-json\/wp\/v2\/pages"}],"about":[{"href":"https:\/\/vormfactor.com\/de\/wp-json\/wp\/v2\/types\/page"}],"author":[{"embeddable":true,"href":"https:\/\/vormfactor.com\/de\/wp-json\/wp\/v2\/users\/1"}],"replies":[{"embeddable":true,"href":"https:\/\/vormfactor.com\/de\/wp-json\/wp\/v2\/comments?post=4193"}],"version-history":[{"count":16,"href":"https:\/\/vormfactor.com\/de\/wp-json\/wp\/v2\/pages\/4193\/revisions"}],"predecessor-version":[{"id":5422,"href":"https:\/\/vormfactor.com\/de\/wp-json\/wp\/v2\/pages\/4193\/revisions\/5422"}],"up":[{"embeddable":true,"href":"https:\/\/vormfactor.com\/de\/wp-json\/wp\/v2\/pages\/2073"}],"wp:attachment":[{"href":"https:\/\/vormfactor.com\/de\/wp-json\/wp\/v2\/media?parent=4193"}],"curies":[{"name":"wp","href":"https:\/\/api.w.org\/{rel}","templated":true}]}}