{"id":4181,"date":"2023-05-03T08:34:22","date_gmt":"2023-05-03T08:34:22","guid":{"rendered":"https:\/\/vormfactor.com\/?page_id=4181"},"modified":"2023-05-12T14:06:18","modified_gmt":"2023-05-12T14:06:18","slug":"gemeente-winterswijk-armoede-vrij","status":"publish","type":"page","link":"https:\/\/vormfactor.com\/de\/animatie\/gemeente-winterswijk-armoede-vrij\/","title":{"rendered":"Gemeente Winterswijk &#8211; Armoede vrij"},"content":{"rendered":"<div data-elementor-type=\"wp-page\" data-elementor-id=\"4181\" class=\"elementor elementor-4181\" data-elementor-post-type=\"page\">\n\t\t\t\t\t\t<section class=\"elementor-section elementor-top-section elementor-element elementor-element-8322968 elementor-section-full_width elementor-section-height-full elementor-section-height-default elementor-section-items-middle\" data-id=\"8322968\" data-element_type=\"section\" data-e-type=\"section\" data-settings=\"{&quot;background_background&quot;:&quot;classic&quot;}\">\n\t\t\t\t\t\t<div class=\"elementor-container elementor-column-gap-no\">\n\t\t\t\t\t<div class=\"elementor-column elementor-col-50 elementor-top-column elementor-element elementor-element-1bb4485\" data-id=\"1bb4485\" data-element_type=\"column\" data-e-type=\"column\">\n\t\t\t<div class=\"elementor-widget-wrap elementor-element-populated\">\n\t\t\t\t\t\t<div class=\"elementor-element elementor-element-7c29bdc elementor-widget elementor-widget-heading\" data-id=\"7c29bdc\" data-element_type=\"widget\" data-e-type=\"widget\" data-widget_type=\"heading.default\">\n\t\t\t\t\t<h2 class=\"elementor-heading-title elementor-size-default\">Animatie<\/h2>\t\t\t\t<\/div>\n\t\t\t\t<div class=\"elementor-element elementor-element-356236a elementor-widget elementor-widget-heading\" data-id=\"356236a\" data-element_type=\"widget\" data-e-type=\"widget\" data-widget_type=\"heading.default\">\n\t\t\t\t\t<h1 class=\"elementor-heading-title elementor-size-default\">Gemeente Winterswijk<\/h1>\t\t\t\t<\/div>\n\t\t\t\t<div class=\"elementor-element elementor-element-fa8798a elementor-align-left elementor-mobile-align-left elementor-widget elementor-widget-button\" data-id=\"fa8798a\" data-element_type=\"widget\" data-e-type=\"widget\" data-widget_type=\"button.default\">\n\t\t\t\t\t\t\t\t\t\t<a class=\"elementor-button elementor-button-link elementor-size-sm\" href=\"\/de\/contact\/\">\n\t\t\t\t\t\t<span class=\"elementor-button-content-wrapper\">\n\t\t\t\t\t\t\t\t\t<span class=\"elementor-button-text\">Jouw verhaal ook in beeld laten brengen?<\/span>\n\t\t\t\t\t<\/span>\n\t\t\t\t\t<\/a>\n\t\t\t\t\t\t\t\t<\/div>\n\t\t\t\t\t<\/div>\n\t\t<\/div>\n\t\t\t\t<div class=\"elementor-column elementor-col-50 elementor-top-column elementor-element elementor-element-d1a0456\" data-id=\"d1a0456\" data-element_type=\"column\" data-e-type=\"column\">\n\t\t\t<div class=\"elementor-widget-wrap elementor-element-populated\">\n\t\t\t\t\t\t<div class=\"elementor-element elementor-element-9f26cf6 elementor-widget elementor-widget-image\" data-id=\"9f26cf6\" data-element_type=\"widget\" data-e-type=\"widget\" data-widget_type=\"image.default\">\n\t\t\t\t\t\t\t\t\t\t\t\t\t\t\t<img fetchpriority=\"high\" decoding=\"async\" width=\"1200\" height=\"800\" src=\"https:\/\/vormfactor.com\/wp-content\/uploads\/2023\/05\/gemeente-winterswijk.webp\" class=\"attachment-full size-full wp-image-4171\" alt=\"\" srcset=\"https:\/\/vormfactor.com\/wp-content\/uploads\/2023\/05\/gemeente-winterswijk.webp 1200w, https:\/\/vormfactor.com\/wp-content\/uploads\/2023\/05\/gemeente-winterswijk-300x200.webp 300w, https:\/\/vormfactor.com\/wp-content\/uploads\/2023\/05\/gemeente-winterswijk-1024x683.webp 1024w, https:\/\/vormfactor.com\/wp-content\/uploads\/2023\/05\/gemeente-winterswijk-768x512.webp 768w\" sizes=\"(max-width: 1200px) 100vw, 1200px\" \/>\t\t\t\t\t\t\t\t\t\t\t\t\t\t\t<\/div>\n\t\t\t\t<div class=\"elementor-element elementor-element-5f03c22 elementor-absolute elementor-hidden-mobile elementor-widget elementor-widget-image\" data-id=\"5f03c22\" data-element_type=\"widget\" data-e-type=\"widget\" data-settings=\"{&quot;_position&quot;:&quot;absolute&quot;}\" data-widget_type=\"image.default\">\n\t\t\t\t\t\t\t\t\t\t\t\t\t\t\t<img decoding=\"async\" width=\"800\" height=\"534\" src=\"https:\/\/vormfactor.com\/wp-content\/uploads\/2022\/07\/plant-goud-1024x683.png\" class=\"attachment-large size-large wp-image-53\" alt=\"\" srcset=\"https:\/\/vormfactor.com\/wp-content\/uploads\/2022\/07\/plant-goud-1024x683.png 1024w, https:\/\/vormfactor.com\/wp-content\/uploads\/2022\/07\/plant-goud-300x200.png 300w, https:\/\/vormfactor.com\/wp-content\/uploads\/2022\/07\/plant-goud-768x512.png 768w, https:\/\/vormfactor.com\/wp-content\/uploads\/2022\/07\/plant-goud.png 1080w\" sizes=\"(max-width: 800px) 100vw, 800px\" \/>\t\t\t\t\t\t\t\t\t\t\t\t\t\t\t<\/div>\n\t\t\t\t\t<\/div>\n\t\t<\/div>\n\t\t\t\t\t<\/div>\n\t\t<\/section>\n\t\t\t\t<section class=\"elementor-section elementor-top-section elementor-element elementor-element-79ba211 elementor-section-full_width elementor-reverse-tablet elementor-reverse-mobile elementor-section-height-default elementor-section-height-default\" data-id=\"79ba211\" data-element_type=\"section\" data-e-type=\"section\" data-settings=\"{&quot;background_background&quot;:&quot;classic&quot;}\">\n\t\t\t\t\t\t<div class=\"elementor-container elementor-column-gap-no\">\n\t\t\t\t\t<div class=\"elementor-column elementor-col-50 elementor-top-column elementor-element elementor-element-fa09245\" data-id=\"fa09245\" data-element_type=\"column\" data-e-type=\"column\">\n\t\t\t<div class=\"elementor-widget-wrap elementor-element-populated\">\n\t\t\t\t\t\t<div class=\"elementor-element elementor-element-bd15fe7 elementor-widget elementor-widget-video\" data-id=\"bd15fe7\" data-element_type=\"widget\" data-e-type=\"widget\" data-settings=\"{&quot;video_type&quot;:&quot;vimeo&quot;,&quot;yt_privacy&quot;:&quot;yes&quot;}\" data-widget_type=\"video.default\">\n\t\t\t\t\t\t\t<div class=\"elementor-wrapper elementor-open-inline\">\n\t\t\t<iframe class=\"elementor-video-iframe\" allowfullscreen allow=\"clipboard-write\" title=\"vimeo videospeler\" src=\"https:\/\/player.vimeo.com\/video\/823284957?color&amp;autopause=0&amp;dnt=true&amp;loop=0&amp;muted=0&amp;title=1&amp;portrait=1&amp;byline=1&amp;h=664862f51f#t=\"><\/iframe>\t\t<\/div>\n\t\t\t\t\t\t<\/div>\n\t\t\t\t<div class=\"elementor-element elementor-element-6886054 elementor-widget elementor-widget-video\" data-id=\"6886054\" data-element_type=\"widget\" data-e-type=\"widget\" data-settings=\"{&quot;video_type&quot;:&quot;vimeo&quot;,&quot;yt_privacy&quot;:&quot;yes&quot;}\" data-widget_type=\"video.default\">\n\t\t\t\t\t\t\t<div class=\"elementor-wrapper elementor-open-inline\">\n\t\t\t<iframe class=\"elementor-video-iframe\" allowfullscreen allow=\"clipboard-write\" title=\"vimeo videospeler\" src=\"https:\/\/player.vimeo.com\/video\/823309487?color&amp;autopause=0&amp;dnt=true&amp;loop=0&amp;muted=0&amp;title=1&amp;portrait=1&amp;byline=1&amp;h=673f372650#t=\"><\/iframe>\t\t<\/div>\n\t\t\t\t\t\t<\/div>\n\t\t\t\t\t<\/div>\n\t\t<\/div>\n\t\t\t\t<div class=\"elementor-column elementor-col-50 elementor-top-column elementor-element elementor-element-c3b5dd0\" data-id=\"c3b5dd0\" data-element_type=\"column\" data-e-type=\"column\">\n\t\t\t<div class=\"elementor-widget-wrap elementor-element-populated\">\n\t\t\t\t\t\t<div class=\"elementor-element elementor-element-1756bcd elementor-widget elementor-widget-heading\" data-id=\"1756bcd\" data-element_type=\"widget\" data-e-type=\"widget\" data-widget_type=\"heading.default\">\n\t\t\t\t\t<h2 class=\"elementor-heading-title elementor-size-default\">De boodschap duidelijk vertaald naar beeld<\/h2>\t\t\t\t<\/div>\n\t\t\t\t<div class=\"elementor-element elementor-element-346533c elementor-widget elementor-widget-heading\" data-id=\"346533c\" data-element_type=\"widget\" data-e-type=\"widget\" data-widget_type=\"heading.default\">\n\t\t\t\t\t<h1 class=\"elementor-heading-title elementor-size-default\">Animatie met voice-over.<\/h1>\t\t\t\t<\/div>\n\t\t\t\t<div class=\"elementor-element elementor-element-cea601d elementor-widget elementor-widget-text-editor\" data-id=\"cea601d\" data-element_type=\"widget\" data-e-type=\"widget\" data-widget_type=\"text-editor.default\">\n\t\t\t\t\t\t\t\t\t<p>De animatie spreekt voor zich, maar doordat er door de klant gekozen is voor een extra voice-over wordt de boodschap van de video extra duidelijk bij de kijker gebracht. Voorafgaand zijn er scenes uitgewerkt met stille beelden.<\/p>\t\t\t\t\t\t\t\t<\/div>\n\t\t\t\t<div class=\"elementor-element elementor-element-df37ba4 elementor-align-right elementor-mobile-align-left elementor-widget elementor-widget-button\" data-id=\"df37ba4\" data-element_type=\"widget\" data-e-type=\"widget\" data-widget_type=\"button.default\">\n\t\t\t\t\t\t\t\t\t\t<a class=\"elementor-button elementor-button-link elementor-size-sm\" href=\"\/de\/contact\/\">\n\t\t\t\t\t\t<span class=\"elementor-button-content-wrapper\">\n\t\t\t\t\t\t\t\t\t<span class=\"elementor-button-text\">Sparren over idee\u00ebn?<\/span>\n\t\t\t\t\t<\/span>\n\t\t\t\t\t<\/a>\n\t\t\t\t\t\t\t\t<\/div>\n\t\t\t\t\t<\/div>\n\t\t<\/div>\n\t\t\t\t\t<\/div>\n\t\t<\/section>\n\t\t\t\t<section class=\"elementor-section elementor-top-section elementor-element elementor-element-f65f3bf elementor-section-full_width elementor-reverse-mobile elementor-section-height-default elementor-section-height-default\" data-id=\"f65f3bf\" data-element_type=\"section\" data-e-type=\"section\" data-settings=\"{&quot;background_background&quot;:&quot;classic&quot;}\">\n\t\t\t\t\t\t<div class=\"elementor-container elementor-column-gap-no\">\n\t\t\t\t\t<div class=\"elementor-column elementor-col-50 elementor-top-column elementor-element elementor-element-514b38e\" data-id=\"514b38e\" data-element_type=\"column\" data-e-type=\"column\">\n\t\t\t<div class=\"elementor-widget-wrap elementor-element-populated\">\n\t\t\t\t\t\t<div class=\"elementor-element elementor-element-9e61de7 elementor-align-left elementor-mobile-align-center elementor-invisible elementor-widget elementor-widget-lottie\" data-id=\"9e61de7\" data-element_type=\"widget\" data-e-type=\"widget\" data-settings=\"{&quot;source_json&quot;:{&quot;url&quot;:&quot;https:\\\/\\\/vormfactor.com\\\/wp-content\\\/uploads\\\/2023\\\/01\\\/animatie-button.json&quot;,&quot;id&quot;:2372,&quot;size&quot;:&quot;&quot;,&quot;alt&quot;:&quot;&quot;,&quot;source&quot;:&quot;library&quot;},&quot;link_to&quot;:&quot;custom&quot;,&quot;custom_link&quot;:{&quot;url&quot;:&quot;\\\/diensten\\\/#animatie&quot;,&quot;is_external&quot;:&quot;&quot;,&quot;nofollow&quot;:&quot;&quot;,&quot;custom_attributes&quot;:&quot;&quot;},&quot;trigger&quot;:&quot;on_hover&quot;,&quot;on_hover_out&quot;:&quot;reverse&quot;,&quot;play_speed&quot;:{&quot;unit&quot;:&quot;px&quot;,&quot;size&quot;:1.3,&quot;sizes&quot;:[]},&quot;lazyload&quot;:&quot;yes&quot;,&quot;_animation&quot;:&quot;fadeInUp&quot;,&quot;_animation_delay&quot;:400,&quot;source&quot;:&quot;media_file&quot;,&quot;caption_source&quot;:&quot;none&quot;,&quot;hover_area&quot;:&quot;animation&quot;,&quot;start_point&quot;:{&quot;unit&quot;:&quot;%&quot;,&quot;size&quot;:0,&quot;sizes&quot;:[]},&quot;end_point&quot;:{&quot;unit&quot;:&quot;%&quot;,&quot;size&quot;:100,&quot;sizes&quot;:[]},&quot;renderer&quot;:&quot;svg&quot;}\" data-widget_type=\"lottie.default\">\n\t\t\t\t\t<a class=\"e-lottie__container__link\" href=\"\/de\/diensten\/#animatie\"><div class=\"e-lottie__container\"><div class=\"e-lottie__animation\"><\/div><\/div><\/a>\t\t\t\t<\/div>\n\t\t\t\t\t<\/div>\n\t\t<\/div>\n\t\t\t\t<div class=\"elementor-column elementor-col-50 elementor-top-column elementor-element elementor-element-914bc1e\" data-id=\"914bc1e\" data-element_type=\"column\" data-e-type=\"column\">\n\t\t\t<div class=\"elementor-widget-wrap elementor-element-populated\">\n\t\t\t\t\t\t<div class=\"elementor-element elementor-element-931fd46 elementor-widget elementor-widget-heading\" data-id=\"931fd46\" data-element_type=\"widget\" data-e-type=\"widget\" data-widget_type=\"heading.default\">\n\t\t\t\t\t<h1 class=\"elementor-heading-title elementor-size-default\">Welke diensten hebben wij ingezet?<\/h1>\t\t\t\t<\/div>\n\t\t\t\t<div class=\"elementor-element elementor-element-183b803 elementor-widget elementor-widget-text-editor\" data-id=\"183b803\" data-element_type=\"widget\" data-e-type=\"widget\" data-widget_type=\"text-editor.default\">\n\t\t\t\t\t\t\t\t\t<p>In deze case hebben wij gekeken naar de wensen van de klant, en op basis daarvan zijn wij begonnen met een storyboard. Hierin kon de Gemeente Winterswijk zien hoe het verloop van de animatie zou worden. Na goedkeuring zijn wij begonnen met het animeren van de video en hebben over de video heen nog een voice-over ingevoegd. Dit versterkt de boodschap nog duidelijker. Voor deze opdracht zijn twee versies opgeleverd. \u00c9\u00e9n met en \u00e9\u00e9n zonder ondertiteling.<\/p>\t\t\t\t\t\t\t\t<\/div>\n\t\t\t\t\t<\/div>\n\t\t<\/div>\n\t\t\t\t\t<\/div>\n\t\t<\/section>\n\t\t\t\t<\/div>","protected":false},"excerpt":{"rendered":"<p>Animatie Gemeente Winterswijk Jouw verhaal ook in beeld laten brengen? De boodschap duidelijk vertaald naar beeld Animatie met voice-over. De animatie spreekt voor zich, maar doordat er door de klant gekozen is voor een extra voice-over wordt de boodschap van de video extra duidelijk bij de kijker gebracht. Voorafgaand zijn er scenes uitgewerkt met stille [&hellip;]<\/p>\n","protected":false},"author":1,"featured_media":0,"parent":2073,"menu_order":0,"comment_status":"closed","ping_status":"closed","template":"elementor_header_footer","meta":{"footnotes":""},"class_list":["post-4181","page","type-page","status-publish","hentry"],"yoast_head":"<!-- This site is optimized with the Yoast SEO plugin v27.0 - https:\/\/yoast.com\/product\/yoast-seo-wordpress\/ -->\n<title>Gemeente Winterswijk - Armoede vrij - VormFactor - Full service marketing- reclamebureau<\/title>\n<meta name=\"robots\" content=\"index, follow, max-snippet:-1, max-image-preview:large, max-video-preview:-1\" \/>\n<link rel=\"canonical\" href=\"https:\/\/vormfactor.com\/de\/animatie\/gemeente-winterswijk-armoede-vrij\/\" \/>\n<meta property=\"og:locale\" content=\"de_DE\" \/>\n<meta property=\"og:type\" content=\"article\" \/>\n<meta property=\"og:title\" content=\"Gemeente Winterswijk - Armoede vrij - VormFactor - Full service marketing- reclamebureau\" \/>\n<meta property=\"og:description\" content=\"Animatie Gemeente Winterswijk Jouw verhaal ook in beeld laten brengen? De boodschap duidelijk vertaald naar beeld Animatie met voice-over. De animatie spreekt voor zich, maar doordat er door de klant gekozen is voor een extra voice-over wordt de boodschap van de video extra duidelijk bij de kijker gebracht. Voorafgaand zijn er scenes uitgewerkt met stille [&hellip;]\" \/>\n<meta property=\"og:url\" content=\"https:\/\/vormfactor.com\/de\/animatie\/gemeente-winterswijk-armoede-vrij\/\" \/>\n<meta property=\"og:site_name\" content=\"VormFactor - Full service marketing- reclamebureau\" \/>\n<meta property=\"article:publisher\" content=\"https:\/\/www.facebook.com\/VormFactor\/\" \/>\n<meta property=\"article:modified_time\" content=\"2023-05-12T14:06:18+00:00\" \/>\n<meta property=\"og:image\" content=\"https:\/\/vormfactor.com\/wp-content\/uploads\/2023\/05\/gemeente-winterswijk.webp\" \/>\n<meta name=\"twitter:card\" content=\"summary_large_image\" \/>\n<meta name=\"twitter:label1\" content=\"Gesch\u00e4tzte Lesezeit\" \/>\n\t<meta name=\"twitter:data1\" content=\"1\u00a0Minute\" \/>\n<script type=\"application\/ld+json\" class=\"yoast-schema-graph\">{\"@context\":\"https:\/\/schema.org\",\"@graph\":[{\"@type\":\"WebPage\",\"@id\":\"https:\/\/vormfactor.com\/animatie\/gemeente-winterswijk-armoede-vrij\/\",\"url\":\"https:\/\/vormfactor.com\/animatie\/gemeente-winterswijk-armoede-vrij\/\",\"name\":\"Gemeente Winterswijk - Armoede vrij - VormFactor - Full service marketing- reclamebureau\",\"isPartOf\":{\"@id\":\"https:\/\/vormfactor.com\/#website\"},\"primaryImageOfPage\":{\"@id\":\"https:\/\/vormfactor.com\/animatie\/gemeente-winterswijk-armoede-vrij\/#primaryimage\"},\"image\":{\"@id\":\"https:\/\/vormfactor.com\/animatie\/gemeente-winterswijk-armoede-vrij\/#primaryimage\"},\"thumbnailUrl\":\"https:\/\/vormfactor.com\/wp-content\/uploads\/2023\/05\/gemeente-winterswijk.webp\",\"datePublished\":\"2023-05-03T08:34:22+00:00\",\"dateModified\":\"2023-05-12T14:06:18+00:00\",\"breadcrumb\":{\"@id\":\"https:\/\/vormfactor.com\/animatie\/gemeente-winterswijk-armoede-vrij\/#breadcrumb\"},\"inLanguage\":\"de\",\"potentialAction\":[{\"@type\":\"ReadAction\",\"target\":[\"https:\/\/vormfactor.com\/animatie\/gemeente-winterswijk-armoede-vrij\/\"]}]},{\"@type\":\"ImageObject\",\"inLanguage\":\"de\",\"@id\":\"https:\/\/vormfactor.com\/animatie\/gemeente-winterswijk-armoede-vrij\/#primaryimage\",\"url\":\"https:\/\/vormfactor.com\/wp-content\/uploads\/2023\/05\/gemeente-winterswijk.webp\",\"contentUrl\":\"https:\/\/vormfactor.com\/wp-content\/uploads\/2023\/05\/gemeente-winterswijk.webp\"},{\"@type\":\"BreadcrumbList\",\"@id\":\"https:\/\/vormfactor.com\/animatie\/gemeente-winterswijk-armoede-vrij\/#breadcrumb\",\"itemListElement\":[{\"@type\":\"ListItem\",\"position\":1,\"name\":\"Home\",\"item\":\"https:\/\/vormfactor.com\/\"},{\"@type\":\"ListItem\",\"position\":2,\"name\":\"Animatie\",\"item\":\"https:\/\/vormfactor.com\/animatie\/\"},{\"@type\":\"ListItem\",\"position\":3,\"name\":\"Gemeente Winterswijk &#8211; Armoede vrij\"}]},{\"@type\":\"WebSite\",\"@id\":\"https:\/\/vormfactor.com\/#website\",\"url\":\"https:\/\/vormfactor.com\/\",\"name\":\"VormFactor - Full service marketing- reclamebureau\",\"description\":\"Alles in vorm\",\"publisher\":{\"@id\":\"https:\/\/vormfactor.com\/#organization\"},\"potentialAction\":[{\"@type\":\"SearchAction\",\"target\":{\"@type\":\"EntryPoint\",\"urlTemplate\":\"https:\/\/vormfactor.com\/?s={search_term_string}\"},\"query-input\":{\"@type\":\"PropertyValueSpecification\",\"valueRequired\":true,\"valueName\":\"search_term_string\"}}],\"inLanguage\":\"de\"},{\"@type\":\"Organization\",\"@id\":\"https:\/\/vormfactor.com\/#organization\",\"name\":\"VormFactor - Full service marketing- reclamebureau\",\"url\":\"https:\/\/vormfactor.com\/\",\"logo\":{\"@type\":\"ImageObject\",\"inLanguage\":\"de\",\"@id\":\"https:\/\/vormfactor.com\/#\/schema\/logo\/image\/\",\"url\":\"https:\/\/vormfactor.com\/wp-content\/uploads\/2022\/05\/vormfactor.svg\",\"contentUrl\":\"https:\/\/vormfactor.com\/wp-content\/uploads\/2022\/05\/vormfactor.svg\",\"width\":2668,\"height\":280,\"caption\":\"VormFactor - Full service marketing- reclamebureau\"},\"image\":{\"@id\":\"https:\/\/vormfactor.com\/#\/schema\/logo\/image\/\"},\"sameAs\":[\"https:\/\/www.facebook.com\/VormFactor\/\",\"https:\/\/www.instagram.com\/vormfactor\",\"https:\/\/www.linkedin.com\/company\/vormfactor\"]}]}<\/script>\n<!-- \/ Yoast SEO plugin. -->","yoast_head_json":{"title":"Gemeente Winterswijk - Armoede vrij - VormFactor - Full service marketing- reclamebureau","robots":{"index":"index","follow":"follow","max-snippet":"max-snippet:-1","max-image-preview":"max-image-preview:large","max-video-preview":"max-video-preview:-1"},"canonical":"https:\/\/vormfactor.com\/de\/animatie\/gemeente-winterswijk-armoede-vrij\/","og_locale":"de_DE","og_type":"article","og_title":"Gemeente Winterswijk - Armoede vrij - VormFactor - Full service marketing- reclamebureau","og_description":"Animatie Gemeente Winterswijk Jouw verhaal ook in beeld laten brengen? De boodschap duidelijk vertaald naar beeld Animatie met voice-over. De animatie spreekt voor zich, maar doordat er door de klant gekozen is voor een extra voice-over wordt de boodschap van de video extra duidelijk bij de kijker gebracht. Voorafgaand zijn er scenes uitgewerkt met stille [&hellip;]","og_url":"https:\/\/vormfactor.com\/de\/animatie\/gemeente-winterswijk-armoede-vrij\/","og_site_name":"VormFactor - Full service marketing- reclamebureau","article_publisher":"https:\/\/www.facebook.com\/VormFactor\/","article_modified_time":"2023-05-12T14:06:18+00:00","og_image":[{"url":"https:\/\/vormfactor.com\/wp-content\/uploads\/2023\/05\/gemeente-winterswijk.webp","type":"","width":"","height":""}],"twitter_card":"summary_large_image","twitter_misc":{"Gesch\u00e4tzte Lesezeit":"1\u00a0Minute"},"schema":{"@context":"https:\/\/schema.org","@graph":[{"@type":"WebPage","@id":"https:\/\/vormfactor.com\/animatie\/gemeente-winterswijk-armoede-vrij\/","url":"https:\/\/vormfactor.com\/animatie\/gemeente-winterswijk-armoede-vrij\/","name":"Gemeente Winterswijk - Armoede vrij - VormFactor - Full service marketing- reclamebureau","isPartOf":{"@id":"https:\/\/vormfactor.com\/#website"},"primaryImageOfPage":{"@id":"https:\/\/vormfactor.com\/animatie\/gemeente-winterswijk-armoede-vrij\/#primaryimage"},"image":{"@id":"https:\/\/vormfactor.com\/animatie\/gemeente-winterswijk-armoede-vrij\/#primaryimage"},"thumbnailUrl":"https:\/\/vormfactor.com\/wp-content\/uploads\/2023\/05\/gemeente-winterswijk.webp","datePublished":"2023-05-03T08:34:22+00:00","dateModified":"2023-05-12T14:06:18+00:00","breadcrumb":{"@id":"https:\/\/vormfactor.com\/animatie\/gemeente-winterswijk-armoede-vrij\/#breadcrumb"},"inLanguage":"de","potentialAction":[{"@type":"ReadAction","target":["https:\/\/vormfactor.com\/animatie\/gemeente-winterswijk-armoede-vrij\/"]}]},{"@type":"ImageObject","inLanguage":"de","@id":"https:\/\/vormfactor.com\/animatie\/gemeente-winterswijk-armoede-vrij\/#primaryimage","url":"https:\/\/vormfactor.com\/wp-content\/uploads\/2023\/05\/gemeente-winterswijk.webp","contentUrl":"https:\/\/vormfactor.com\/wp-content\/uploads\/2023\/05\/gemeente-winterswijk.webp"},{"@type":"BreadcrumbList","@id":"https:\/\/vormfactor.com\/animatie\/gemeente-winterswijk-armoede-vrij\/#breadcrumb","itemListElement":[{"@type":"ListItem","position":1,"name":"Home","item":"https:\/\/vormfactor.com\/"},{"@type":"ListItem","position":2,"name":"Animatie","item":"https:\/\/vormfactor.com\/animatie\/"},{"@type":"ListItem","position":3,"name":"Gemeente Winterswijk &#8211; Armoede vrij"}]},{"@type":"WebSite","@id":"https:\/\/vormfactor.com\/#website","url":"https:\/\/vormfactor.com\/","name":"VormFactor - Full service marketing- reclamebureau","description":"Alles in vorm","publisher":{"@id":"https:\/\/vormfactor.com\/#organization"},"potentialAction":[{"@type":"SearchAction","target":{"@type":"EntryPoint","urlTemplate":"https:\/\/vormfactor.com\/?s={search_term_string}"},"query-input":{"@type":"PropertyValueSpecification","valueRequired":true,"valueName":"search_term_string"}}],"inLanguage":"de"},{"@type":"Organization","@id":"https:\/\/vormfactor.com\/#organization","name":"VormFactor - Full service marketing- reclamebureau","url":"https:\/\/vormfactor.com\/","logo":{"@type":"ImageObject","inLanguage":"de","@id":"https:\/\/vormfactor.com\/#\/schema\/logo\/image\/","url":"https:\/\/vormfactor.com\/wp-content\/uploads\/2022\/05\/vormfactor.svg","contentUrl":"https:\/\/vormfactor.com\/wp-content\/uploads\/2022\/05\/vormfactor.svg","width":2668,"height":280,"caption":"VormFactor - Full service marketing- reclamebureau"},"image":{"@id":"https:\/\/vormfactor.com\/#\/schema\/logo\/image\/"},"sameAs":["https:\/\/www.facebook.com\/VormFactor\/","https:\/\/www.instagram.com\/vormfactor","https:\/\/www.linkedin.com\/company\/vormfactor"]}]}},"_links":{"self":[{"href":"https:\/\/vormfactor.com\/de\/wp-json\/wp\/v2\/pages\/4181","targetHints":{"allow":["GET"]}}],"collection":[{"href":"https:\/\/vormfactor.com\/de\/wp-json\/wp\/v2\/pages"}],"about":[{"href":"https:\/\/vormfactor.com\/de\/wp-json\/wp\/v2\/types\/page"}],"author":[{"embeddable":true,"href":"https:\/\/vormfactor.com\/de\/wp-json\/wp\/v2\/users\/1"}],"replies":[{"embeddable":true,"href":"https:\/\/vormfactor.com\/de\/wp-json\/wp\/v2\/comments?post=4181"}],"version-history":[{"count":46,"href":"https:\/\/vormfactor.com\/de\/wp-json\/wp\/v2\/pages\/4181\/revisions"}],"predecessor-version":[{"id":5416,"href":"https:\/\/vormfactor.com\/de\/wp-json\/wp\/v2\/pages\/4181\/revisions\/5416"}],"up":[{"embeddable":true,"href":"https:\/\/vormfactor.com\/de\/wp-json\/wp\/v2\/pages\/2073"}],"wp:attachment":[{"href":"https:\/\/vormfactor.com\/de\/wp-json\/wp\/v2\/media?parent=4181"}],"curies":[{"name":"wp","href":"https:\/\/api.w.org\/{rel}","templated":true}]}}